{"id":1335,"date":"2018-11-23T13:41:22","date_gmt":"2018-11-23T13:41:22","guid":{"rendered":"https:\/\/shop.usinagentc.com\/shop\/tasse-a-cafe-11-oz-specialistes-hd\/"},"modified":"2020-11-24T21:39:59","modified_gmt":"2020-11-25T02:39:59","slug":"tasse-a-cafe-11-oz-specialistes-hd","status":"publish","type":"product","link":"https:\/\/shop.usinagentc.com\/fr\/boutique\/tasse-a-cafe-11-oz-specialistes-hd\/","title":{"rendered":"Tasse \u00e0 caf\u00e9 11 oz &#8211; Sp\u00e9cialistes HD"},"content":{"rendered":"<p> Mug \u00e0 caf\u00e9 11 oz &#8211; Sp\u00e9cialistes HD <\/ p><\/p>\n<ul>\n<li> imprim\u00e9 des deux c\u00f4t\u00e9s <\/ li><br \/>\n<\/ ul><\/p>\n","protected":false},"excerpt":{"rendered":"<p>Tasse \u00e0 caf\u00e9 11 oz &#8211; Sp\u00e9cialistes HD<\/p>\n","protected":false},"featured_media":2008,"comment_status":"open","ping_status":"closed","template":"","meta":{"_exactmetrics_skip_tracking":false,"_exactmetrics_sitenote_active":false,"_exactmetrics_sitenote_note":"","_exactmetrics_sitenote_category":0,"jetpack_post_was_ever_published":false,"jetpack_publicize_message":"","jetpack_publicize_feature_enabled":true,"jetpack_social_post_already_shared":true,"jetpack_social_options":{"image_generator_settings":{"template":"highway","default_image_id":0,"font":"","enabled":false},"version":2}},"product_brand":[],"product_cat":[97],"product_tag":[70],"class_list":{"0":"post-1335","1":"product","2":"type-product","3":"status-publish","4":"has-post-thumbnail","6":"product_cat-barware-fr","7":"product_tag-tasse","9":"first","10":"instock","11":"taxable","12":"shipping-taxable","13":"purchasable","14":"product-type-simple"},"jetpack_publicize_connections":[],"jetpack_sharing_enabled":true,"_links":{"self":[{"href":"https:\/\/shop.usinagentc.com\/fr\/wp-json\/wp\/v2\/product\/1335","targetHints":{"allow":["GET"]}}],"collection":[{"href":"https:\/\/shop.usinagentc.com\/fr\/wp-json\/wp\/v2\/product"}],"about":[{"href":"https:\/\/shop.usinagentc.com\/fr\/wp-json\/wp\/v2\/types\/product"}],"replies":[{"embeddable":true,"href":"https:\/\/shop.usinagentc.com\/fr\/wp-json\/wp\/v2\/comments?post=1335"}],"wp:featuredmedia":[{"embeddable":true,"href":"https:\/\/shop.usinagentc.com\/fr\/wp-json\/wp\/v2\/media\/2008"}],"wp:attachment":[{"href":"https:\/\/shop.usinagentc.com\/fr\/wp-json\/wp\/v2\/media?parent=1335"}],"wp:term":[{"taxonomy":"product_brand","embeddable":true,"href":"https:\/\/shop.usinagentc.com\/fr\/wp-json\/wp\/v2\/product_brand?post=1335"},{"taxonomy":"product_cat","embeddable":true,"href":"https:\/\/shop.usinagentc.com\/fr\/wp-json\/wp\/v2\/product_cat?post=1335"},{"taxonomy":"product_tag","embeddable":true,"href":"https:\/\/shop.usinagentc.com\/fr\/wp-json\/wp\/v2\/product_tag?post=1335"}],"curies":[{"name":"wp","href":"https:\/\/api.w.org\/{rel}","templated":true}]}}