{"id":1322,"date":"2018-11-23T13:41:28","date_gmt":"2018-11-23T13:41:28","guid":{"rendered":"https:\/\/shop.usinagentc.com\/shop\/tee-shirt-homme-specialiste-hd\/"},"modified":"2018-12-14T21:27:13","modified_gmt":"2018-12-14T21:27:13","slug":"t-shirt-homme-hd-specialist","status":"publish","type":"product","link":"https:\/\/shop.usinagentc.com\/fr\/boutique\/t-shirt-homme-hd-specialist\/","title":{"rendered":"T-Shirt Homme &#8211; HD Specialist"},"content":{"rendered":"<p> T-Shirt Homme &#8211; HD Specialist <\/ p><\/p>\n<ul>\n<li>Jersey 100% coton pr\u00e9r\u00e9tr\u00e9ci, 10.1 oz.<\/li>\n<li>Encolure surpiqu\u00e9e \u00e0 deux aiguilles<\/li>\n<li>Points de croix double aux ourlets des manches et de la taille<\/li>\n<li>Bande de recouvrement aux \u00e9paules et au col<\/li>\n<li>Tissu tourn\u00e9 d\u2019un quart de tour pour \u00e9liminer le pli central.<\/li>\n<p><\/ ul><\/p>\n","protected":false},"excerpt":{"rendered":"<p>T-Shirt Homme &#8211; HD Specialist<\/p>\n","protected":false},"featured_media":1268,"comment_status":"open","ping_status":"closed","template":"","meta":{"_exactmetrics_skip_tracking":false,"_exactmetrics_sitenote_active":false,"_exactmetrics_sitenote_note":"","_exactmetrics_sitenote_category":0,"jetpack_post_was_ever_published":false,"jetpack_publicize_message":"","jetpack_publicize_feature_enabled":true,"jetpack_social_post_already_shared":true,"jetpack_social_options":{"image_generator_settings":{"template":"highway","default_image_id":0,"font":"","enabled":false},"version":2}},"product_brand":[],"product_cat":[99],"product_tag":[108],"class_list":{"0":"post-1322","1":"product","2":"type-product","3":"status-publish","4":"has-post-thumbnail","6":"product_cat-hommes","7":"product_tag-t-shirt-fr","9":"first","10":"instock","11":"taxable","12":"shipping-taxable","13":"purchasable","14":"product-type-variable"},"jetpack_publicize_connections":[],"jetpack_sharing_enabled":true,"_links":{"self":[{"href":"https:\/\/shop.usinagentc.com\/fr\/wp-json\/wp\/v2\/product\/1322","targetHints":{"allow":["GET"]}}],"collection":[{"href":"https:\/\/shop.usinagentc.com\/fr\/wp-json\/wp\/v2\/product"}],"about":[{"href":"https:\/\/shop.usinagentc.com\/fr\/wp-json\/wp\/v2\/types\/product"}],"replies":[{"embeddable":true,"href":"https:\/\/shop.usinagentc.com\/fr\/wp-json\/wp\/v2\/comments?post=1322"}],"wp:featuredmedia":[{"embeddable":true,"href":"https:\/\/shop.usinagentc.com\/fr\/wp-json\/wp\/v2\/media\/1268"}],"wp:attachment":[{"href":"https:\/\/shop.usinagentc.com\/fr\/wp-json\/wp\/v2\/media?parent=1322"}],"wp:term":[{"taxonomy":"product_brand","embeddable":true,"href":"https:\/\/shop.usinagentc.com\/fr\/wp-json\/wp\/v2\/product_brand?post=1322"},{"taxonomy":"product_cat","embeddable":true,"href":"https:\/\/shop.usinagentc.com\/fr\/wp-json\/wp\/v2\/product_cat?post=1322"},{"taxonomy":"product_tag","embeddable":true,"href":"https:\/\/shop.usinagentc.com\/fr\/wp-json\/wp\/v2\/product_tag?post=1322"}],"curies":[{"name":"wp","href":"https:\/\/api.w.org\/{rel}","templated":true}]}}