{"id":1129,"date":"2018-11-23T13:41:30","date_gmt":"2018-11-23T13:41:30","guid":{"rendered":"https:\/\/shop.usinagentc.com\/shop\/une-affaire-serieuse-de-femme\/"},"modified":"2020-10-02T14:41:10","modified_gmt":"2020-10-02T18:41:10","slug":"camisole-femme-serious-business","status":"publish","type":"product","link":"https:\/\/shop.usinagentc.com\/fr\/boutique\/camisole-femme-serious-business\/","title":{"rendered":"Camisole Femme  &#8211; Serious Business"},"content":{"rendered":"<p> Camisole Femme &#8211; Serious Business <\/ p><\/p>\n<ul class = \"details_list\">\n<li> Jersey pr\u00e9r\u00e9tr\u00e9ci <\/ li>\n<li> Tissu 30\/1 <\/ li>\n<li> Densit\u00e9 de mailles \u00e9lev\u00e9e pour une surface d\u2019impression plus uniforme<\/ li>\n<li> Coupe semi-ajust\u00e9e \u00e9pousant les formes avec et coutures lat\u00e9rales <\/ li>\n<li> Col et emmanchure avec bordure de m\u00eame tissu coll\u00e9e <\/ li>\n<li> Piq\u00fbres doubles \u00e0 l\u2019ourlet arrondi du bas <\/ li><br \/>\n<\/ ul><\/p>\n","protected":false},"excerpt":{"rendered":"<p>Camisole Femme &#8211; Serious Business<\/p>\n","protected":false},"featured_media":1110,"comment_status":"open","ping_status":"closed","template":"","meta":{"_exactmetrics_skip_tracking":false,"_exactmetrics_sitenote_active":false,"_exactmetrics_sitenote_note":"","_exactmetrics_sitenote_category":0,"jetpack_post_was_ever_published":false,"jetpack_publicize_message":"","jetpack_publicize_feature_enabled":true,"jetpack_social_post_already_shared":true,"jetpack_social_options":{"image_generator_settings":{"template":"highway","default_image_id":0,"font":"","enabled":false},"version":2}},"product_brand":[],"product_cat":[100],"product_tag":[108],"class_list":{"0":"post-1129","1":"product","2":"type-product","3":"status-publish","4":"has-post-thumbnail","6":"product_cat-femmes","7":"product_tag-t-shirt-fr","9":"first","10":"instock","11":"taxable","12":"shipping-taxable","13":"purchasable","14":"product-type-variable"},"jetpack_publicize_connections":[],"jetpack_sharing_enabled":true,"_links":{"self":[{"href":"https:\/\/shop.usinagentc.com\/fr\/wp-json\/wp\/v2\/product\/1129","targetHints":{"allow":["GET"]}}],"collection":[{"href":"https:\/\/shop.usinagentc.com\/fr\/wp-json\/wp\/v2\/product"}],"about":[{"href":"https:\/\/shop.usinagentc.com\/fr\/wp-json\/wp\/v2\/types\/product"}],"replies":[{"embeddable":true,"href":"https:\/\/shop.usinagentc.com\/fr\/wp-json\/wp\/v2\/comments?post=1129"}],"wp:featuredmedia":[{"embeddable":true,"href":"https:\/\/shop.usinagentc.com\/fr\/wp-json\/wp\/v2\/media\/1110"}],"wp:attachment":[{"href":"https:\/\/shop.usinagentc.com\/fr\/wp-json\/wp\/v2\/media?parent=1129"}],"wp:term":[{"taxonomy":"product_brand","embeddable":true,"href":"https:\/\/shop.usinagentc.com\/fr\/wp-json\/wp\/v2\/product_brand?post=1129"},{"taxonomy":"product_cat","embeddable":true,"href":"https:\/\/shop.usinagentc.com\/fr\/wp-json\/wp\/v2\/product_cat?post=1129"},{"taxonomy":"product_tag","embeddable":true,"href":"https:\/\/shop.usinagentc.com\/fr\/wp-json\/wp\/v2\/product_tag?post=1129"}],"curies":[{"name":"wp","href":"https:\/\/api.w.org\/{rel}","templated":true}]}}