{"id":862,"date":"2018-11-07T14:25:07","date_gmt":"2018-11-07T14:25:07","guid":{"rendered":"https:\/\/shop.usinagentc.com\/usinage-ntc-machine-shop-devanture\/"},"modified":"2019-07-10T14:06:03","modified_gmt":"2019-07-10T18:06:03","slug":"usinage-ntc-machine-shop-devanture","status":"publish","type":"page","link":"https:\/\/shop.usinagentc.com\/fr\/","title":{"rendered":"Usinage NTC Machine Shop Magasin en ligne"},"content":{"rendered":"<p><div id=\"metaslider-id-1401\" style=\"max-width: 1000px;\" class=\"ml-slider-3-108-0 metaslider metaslider-flex metaslider-1401 ml-slider has-dots-nav ms-theme-default\" role=\"region\" aria-label=\"Front Page Slider\" data-height=\"600\" data-width=\"1000\">\n    <div id=\"metaslider_container_1401\">\n        <div id=\"metaslider_1401\">\n            <ul class='slides'>\n            <\/ul>\n        <\/div>\n        \n    <\/div>\n<\/div><br \/>\nBoutique NTC bienvenue<\/p>\n<p>Bienvenue dans la boutique en ligne de Usinage NTC. Nous sommes sp\u00e9cialis\u00e9s dans la construction de moteurs de performance, la calibration moteur sur dyno, ainsi que dans tous les travaux de maintenance, y compris les r\u00e9parations suite \u00e0 une collision. Nous sommes une entreprise familiale, comptant plus de trois d\u00e9cennies d&rsquo;exp\u00e9rience, un outillage de pointe et une \u00e9quipe de passionn\u00e9s engag\u00e9s et d\u00e9di\u00e9s \u00e0 votre satisfaction. NTC est l\u2019un des rares points de vente offrant un service cl\u00e9 en main dans l\u2019Est du Canada. Nous sommes maintenant en mesure d\u2019offrir une gamme de produits de marque NTC de qualit\u00e9 sup\u00e9rieure \u00e0 des prix abordables. Si vous consultez notre <a href=\"\/fr\/boutique\/\">magasin en ligne<\/a>, vous verrez que nous proposons aussi des pi\u00e8ces d\u2019occasion de qualit\u00e9 pour les mod\u00e8les Harley Davidson. Nous tenons \u00e0 vous remercier de votre int\u00e9r\u00eat envers NTC.<\/p>\n","protected":false},"excerpt":{"rendered":"<p>Boutique NTC bienvenue Bienvenue dans la boutique en ligne de Usinage NTC. Nous sommes sp\u00e9cialis\u00e9s dans la construction de moteurs de performance, la calibration moteur sur dyno, ainsi que dans tous les travaux de maintenance, y compris les r\u00e9parations suite \u00e0 une collision. Nous sommes une entreprise familiale, comptant plus de trois d\u00e9cennies d&rsquo;exp\u00e9rience, un &hellip;<\/p>\n","protected":false},"author":1,"featured_media":0,"parent":0,"menu_order":0,"comment_status":"closed","ping_status":"closed","template":"","meta":{"_exactmetrics_skip_tracking":false,"_exactmetrics_sitenote_active":false,"_exactmetrics_sitenote_note":"","_exactmetrics_sitenote_category":0,"jetpack_post_was_ever_published":false,"footnotes":""},"class_list":["post-862","page","type-page","status-publish","hentry"],"jetpack_shortlink":"https:\/\/wp.me\/PasUZj-dU","jetpack_sharing_enabled":true,"_links":{"self":[{"href":"https:\/\/shop.usinagentc.com\/fr\/wp-json\/wp\/v2\/pages\/862","targetHints":{"allow":["GET"]}}],"collection":[{"href":"https:\/\/shop.usinagentc.com\/fr\/wp-json\/wp\/v2\/pages"}],"about":[{"href":"https:\/\/shop.usinagentc.com\/fr\/wp-json\/wp\/v2\/types\/page"}],"author":[{"embeddable":true,"href":"https:\/\/shop.usinagentc.com\/fr\/wp-json\/wp\/v2\/users\/1"}],"replies":[{"embeddable":true,"href":"https:\/\/shop.usinagentc.com\/fr\/wp-json\/wp\/v2\/comments?post=862"}],"version-history":[{"count":0,"href":"https:\/\/shop.usinagentc.com\/fr\/wp-json\/wp\/v2\/pages\/862\/revisions"}],"wp:attachment":[{"href":"https:\/\/shop.usinagentc.com\/fr\/wp-json\/wp\/v2\/media?parent=862"}],"curies":[{"name":"wp","href":"https:\/\/api.w.org\/{rel}","templated":true}]}}