{"id":783,"date":"2018-11-02T19:09:02","date_gmt":"2018-11-02T19:09:02","guid":{"rendered":"https:\/\/shop.usinagentc.com\/politiques-dexpedition\/"},"modified":"2018-12-04T19:36:39","modified_gmt":"2018-12-04T19:36:39","slug":"politiques-dexpedition","status":"publish","type":"page","link":"https:\/\/shop.usinagentc.com\/fr\/politiques-dexpedition\/","title":{"rendered":"Politiques d&rsquo;exp\u00e9dition"},"content":{"rendered":"<h2> Conditions d&rsquo;exp\u00e9dition internationales &#038; Conditions <\/ h2><\/p>\n<ul>\n<li class = \"pgh pgh - small\"> Les prix sont en dollars canadiens.<\/ Li>\n<li class = \"pgh pgh - small\"> Tous les droits d&rsquo;importation, taxes et frais de courtage dus au moment de la livraison sont \u00e0 la charge exclusive du client destinataire. Les bordereaux d\u2019exp\u00e9dition pour les envois internationaux <strong>ne peuvent pas<\/strong> \u00eatre marqu\u00e9s comme \u00ab\u00a0cadeau\u00a0\u00bb ou avec des prix modifi\u00e9s. <\/ Li><br \/>\n<\/ ul><\/p>\n<h2 class = \"pgh-hd pgh-hd - moyen\"> Retours \/ \u00e9changes <\/ h2><\/p>\n<ul>\n<li class = \"pgh pgh - small\"> Le client est responsable de tous les frais d\u2019exp\u00e9dition et de courtage aller-retour pour les retours ou les \u00e9changes. <\/ li>\n<li class = \"pgh pgh - petit\">\n<div> Les envois internationaux doivent \u00eatre marqu\u00e9s comme \u00ab\u00a0retour de marchandise\u00a0\u00bb avec un transporteur qui ne pr\u00e9l\u00e8ve pas de frais de courtage. Le client est responsable de tous les frais de courtage ou de douane applicables. <\/ Div> <\/ li><\/p>\n<li class = \"pgh pgh - petit\">\n<div> Tous les articles exp\u00e9di\u00e9s contre remboursement ou ayant des frais de courtage suppl\u00e9mentaires factur\u00e9s \u00e0 Usinage NTC Machine Shop lors de la livraison seront rejet\u00e9s. <\/ div> <\/ li><\/p>\n<li class = \"pgh pgh - small\"> Toutes les autres conditions applicables de notre <a href=\"https:\/\/shop.usinagentc.com\/fr\/return-policy\/\"> Politique de retour <\/a> s&rsquo;appliquent aux retours internationaux. <\/ li>\n<\/ul>\n","protected":false},"excerpt":{"rendered":"<p>Conditions d&rsquo;exp\u00e9dition internationales &#038; Conditions Les prix sont en dollars canadiens. Tous les droits d&rsquo;importation, taxes et frais de courtage dus au moment de la livraison sont \u00e0 la charge exclusive du client destinataire. Les bordereaux d\u2019exp\u00e9dition pour les envois internationaux ne peuvent pas \u00eatre marqu\u00e9s comme \u00ab\u00a0cadeau\u00a0\u00bb ou avec des prix modifi\u00e9s. Retours \/ &hellip;<\/p>\n","protected":false},"author":1,"featured_media":0,"parent":0,"menu_order":0,"comment_status":"closed","ping_status":"closed","template":"","meta":{"_exactmetrics_skip_tracking":false,"_exactmetrics_sitenote_active":false,"_exactmetrics_sitenote_note":"","_exactmetrics_sitenote_category":0,"jetpack_post_was_ever_published":false,"footnotes":""},"class_list":["post-783","page","type-page","status-publish","hentry"],"jetpack_shortlink":"https:\/\/wp.me\/PasUZj-cD","jetpack_sharing_enabled":true,"_links":{"self":[{"href":"https:\/\/shop.usinagentc.com\/fr\/wp-json\/wp\/v2\/pages\/783","targetHints":{"allow":["GET"]}}],"collection":[{"href":"https:\/\/shop.usinagentc.com\/fr\/wp-json\/wp\/v2\/pages"}],"about":[{"href":"https:\/\/shop.usinagentc.com\/fr\/wp-json\/wp\/v2\/types\/page"}],"author":[{"embeddable":true,"href":"https:\/\/shop.usinagentc.com\/fr\/wp-json\/wp\/v2\/users\/1"}],"replies":[{"embeddable":true,"href":"https:\/\/shop.usinagentc.com\/fr\/wp-json\/wp\/v2\/comments?post=783"}],"version-history":[{"count":0,"href":"https:\/\/shop.usinagentc.com\/fr\/wp-json\/wp\/v2\/pages\/783\/revisions"}],"wp:attachment":[{"href":"https:\/\/shop.usinagentc.com\/fr\/wp-json\/wp\/v2\/media?parent=783"}],"curies":[{"name":"wp","href":"https:\/\/api.w.org\/{rel}","templated":true}]}}