{"id":500,"date":"2018-10-19T19:44:55","date_gmt":"2018-10-19T19:44:55","guid":{"rendered":"https:\/\/shop.usinagentc.com\/?page_id=500"},"modified":"2018-10-22T13:58:31","modified_gmt":"2018-10-22T13:58:31","slug":"return-policy","status":"publish","type":"page","link":"https:\/\/shop.usinagentc.com\/fr\/return-policy\/","title":{"rendered":"Politique de retour"},"content":{"rendered":"<p><strong>TOUS LES RETOURS<\/strong><br \/>\nSi vous n&rsquo;\u00eates pas enti\u00e8rement satisfait de votre achat, vous pouvez le retourner dans les 30 jours suivant l&rsquo;achat. Les retours doivent \u00eatre \u00e0 l&rsquo;\u00e9tat NEUF, y compris toutes les \u00e9tiquettes volantes d&rsquo;origine jointes et leur emballage. Si le produit doit \u00eatre renvoy\u00e9 en raison d\u2019un probl\u00e8me de fabrication ou d\u2019omission, veuillez nous contacter imm\u00e9diatement pour que les choses se passent bien.<\/p>\n<p><strong>RETOUR DE PRODUIT PAR LE COURRIER<\/strong><br \/>\nLes achats en ligne n\u00e9cessitent un num\u00e9ro d&rsquo;autorisation de retour (RA #). Contactez randy@usinagentc.com pour obtenir votre num\u00e9ro d\u2019autorisation et les informations d\u2019exp\u00e9dition. L&rsquo;exp\u00e9dition de retour se fait \u00e0 vos propres frais vers le ou les lieux d&rsquo;origine. Le num\u00e9ro RA doit \u00eatre clairement \u00e9crit \u00e0 l&rsquo;ext\u00e9rieur de l&rsquo;envoi.<br \/>\nSi vous souhaitez \u00e9changer un article pour une autre taille, nous vous sugg\u00e9rons de le retourner en utilisant la m\u00e9thode RA # ci-dessus et de passer imm\u00e9diatement une commande en ligne pour la taille \/ couleur correcte afin d&rsquo;\u00e9viter tout retard. Une fois que nous recevons l&rsquo;article original, nous cr\u00e9diterons votre m\u00e9thode de paiement d&rsquo;origine.<\/p>\n<p><strong>RETOURNER UN PRODUIT EN MAGASIN<\/strong><br \/>\nLes articles achet\u00e9s sur shop.usinagentc.com peuvent \u00eatre retourn\u00e9s en magasin pour un CR\u00c9DIT EN MAGASIN, UN \u00c9CHANGE ou un REMBOURSEMENT.<\/p>\n<p><strong>GARANTIE<\/strong><br \/>\nSi le produit \u00e0 retourner est d\u00fb \u00e0 un probl\u00e8me de fabrication ou \u00e0 une erreur de fabrication, veuillez nous envoyer un courrier \u00e9lectronique \u00e0 randy@usinagentc.com avec votre num\u00e9ro de commande.<\/p>\n<p>Je vous remercie!<\/p>\n","protected":false},"excerpt":{"rendered":"<p>TOUS LES RETOURS Si vous n&rsquo;\u00eates pas enti\u00e8rement satisfait de votre achat, vous pouvez le retourner dans les 30 jours suivant l&rsquo;achat. Les retours doivent \u00eatre \u00e0 l&rsquo;\u00e9tat NEUF, y compris toutes les \u00e9tiquettes volantes d&rsquo;origine jointes et leur emballage. Si le produit doit \u00eatre renvoy\u00e9 en raison d\u2019un probl\u00e8me de fabrication ou d\u2019omission, veuillez &hellip;<\/p>\n","protected":false},"author":1,"featured_media":0,"parent":0,"menu_order":0,"comment_status":"closed","ping_status":"closed","template":"","meta":{"_exactmetrics_skip_tracking":false,"_exactmetrics_sitenote_active":false,"_exactmetrics_sitenote_note":"","_exactmetrics_sitenote_category":0,"jetpack_post_was_ever_published":false,"footnotes":""},"class_list":["post-500","page","type-page","status-publish","hentry"],"jetpack_shortlink":"https:\/\/wp.me\/PasUZj-84","jetpack_sharing_enabled":true,"_links":{"self":[{"href":"https:\/\/shop.usinagentc.com\/fr\/wp-json\/wp\/v2\/pages\/500","targetHints":{"allow":["GET"]}}],"collection":[{"href":"https:\/\/shop.usinagentc.com\/fr\/wp-json\/wp\/v2\/pages"}],"about":[{"href":"https:\/\/shop.usinagentc.com\/fr\/wp-json\/wp\/v2\/types\/page"}],"author":[{"embeddable":true,"href":"https:\/\/shop.usinagentc.com\/fr\/wp-json\/wp\/v2\/users\/1"}],"replies":[{"embeddable":true,"href":"https:\/\/shop.usinagentc.com\/fr\/wp-json\/wp\/v2\/comments?post=500"}],"version-history":[{"count":0,"href":"https:\/\/shop.usinagentc.com\/fr\/wp-json\/wp\/v2\/pages\/500\/revisions"}],"wp:attachment":[{"href":"https:\/\/shop.usinagentc.com\/fr\/wp-json\/wp\/v2\/media?parent=500"}],"curies":[{"name":"wp","href":"https:\/\/api.w.org\/{rel}","templated":true}]}}