{"id":452,"date":"2018-10-19T12:28:29","date_gmt":"2018-10-19T12:28:29","guid":{"rendered":"https:\/\/shop.usinagentc.com\/?page_id=452"},"modified":"2018-10-22T19:30:20","modified_gmt":"2018-10-22T19:30:20","slug":"terms-2","status":"publish","type":"page","link":"https:\/\/shop.usinagentc.com\/fr\/terms-2\/","title":{"rendered":"Termes"},"content":{"rendered":"<p>Ce que vous devez savoir lorsque vous magasinez sur shop.usinagentc.com<\/p>\n<p>En acc\u00e9dant \u00e0 la boutique en ligne Usinage NTC Machine Shop, vous acceptez les conditions d&rsquo;utilisation \u00e9nonc\u00e9es ci-apr\u00e8s.<\/p>\n<p>La visite de ce site et la passation de commandes de biens sont r\u00e9gies par les lois de la province de Qu\u00e9bec et les lois applicables du Canada.<\/p>\n<p>Tout le contenu de ce site (logos, images, images de produit, graphiques, texte, propri\u00e9t\u00e9 de Usinage NTC Machine Shop ou de nos fournisseurs de contenu) est prot\u00e9g\u00e9 par le droit d&rsquo;auteur canadien et \/ ou am\u00e9ricain. Le contenu ne peut \u00eatre reproduit \u00e0 des fins commerciales sans l&rsquo;autorisation \u00e9crite expresse de Usinage NTC Machine Shop ou de nos fournisseurs de contenu.<\/p>\n<p>Usinage NTC Machine Shop met tout en \u0153uvre pour que les informations fournies soient correctes et pr\u00e9cises. Toutefois, nous ne pouvons garantir que les informations concernant le produit sont exemptes d&rsquo;erreurs. Si une erreur est constat\u00e9e, nous la corrigerons d\u00e8s que possible. Les poids sont une approximation proche.<\/p>\n<p>En cas d&rsquo;erreur sur le prix d&rsquo;un produit ou sur la disponibilit\u00e9 d&rsquo;un produit, Usinage NTC Machine Shop se r\u00e9serve le droit de refuser ou d&rsquo;annuler toute commande pass\u00e9e pour ce ou ces produits. Le prix d&rsquo;un produit sera v\u00e9rifi\u00e9 avant de facturer un moyen de paiement. Si le prix est inf\u00e9rieur \u00e0 celui indiqu\u00e9 sur notre site Web, nous facturerons le montant le plus bas. Si le prix est plus \u00e9lev\u00e9, nous vous contacterons avant de proc\u00e9der au paiement.<\/p>\n<p>Usinage NTC Machine Shop ne vend pas de produits aux enfants de moins de 18 ans.<\/p>\n<p>Des efforts sont faits pour que votre commande arrive \u00e0 temps. L&rsquo;exp\u00e9dition se fait par une entreprise de messagerie tierce et est soumise \u00e0 leurs contrats. Usinage NTC Machine Shop n&rsquo;est pas responsable des biens perdus, endommag\u00e9s ou vol\u00e9s une fois qu&rsquo;ils ont \u00e9t\u00e9 exp\u00e9di\u00e9s.<\/p>\n<p>Ces termes et conditions sont sujets \u00e0 changement. Toute modification sera affich\u00e9e ici.<\/p>\n<p>Copyright:<br \/>\n\u00a9 2018 Usinage NTC Machine Shop. TOUS LES DROITS SONT R\u00c9SERV\u00c9S<br \/>\nUsinage NTC Atelier d&rsquo;usinage<\/p>\n<p>1901 Rue Chicoine, Local 106<br \/>\nVaudreuil-Dorion, Qu\u00e9bec<br \/>\nJ7V 8P2<br \/>\n(450) 218-7707<\/p>\n<p>Aucune reproduction sans permission<br \/>\nTous les droits sont r\u00e9serv\u00e9s<\/p>\n","protected":false},"excerpt":{"rendered":"<p>Ce que vous devez savoir lorsque vous magasinez sur shop.usinagentc.com En acc\u00e9dant \u00e0 la boutique en ligne Usinage NTC Machine Shop, vous acceptez les conditions d&rsquo;utilisation \u00e9nonc\u00e9es ci-apr\u00e8s. La visite de ce site et la passation de commandes de biens sont r\u00e9gies par les lois de la province de Qu\u00e9bec et les lois applicables du &hellip;<\/p>\n","protected":false},"author":1,"featured_media":0,"parent":0,"menu_order":0,"comment_status":"closed","ping_status":"closed","template":"","meta":{"_exactmetrics_skip_tracking":false,"_exactmetrics_sitenote_active":false,"_exactmetrics_sitenote_note":"","_exactmetrics_sitenote_category":0,"jetpack_post_was_ever_published":false,"footnotes":""},"class_list":["post-452","page","type-page","status-publish","hentry"],"jetpack_shortlink":"https:\/\/wp.me\/PasUZj-7i","jetpack_sharing_enabled":true,"_links":{"self":[{"href":"https:\/\/shop.usinagentc.com\/fr\/wp-json\/wp\/v2\/pages\/452","targetHints":{"allow":["GET"]}}],"collection":[{"href":"https:\/\/shop.usinagentc.com\/fr\/wp-json\/wp\/v2\/pages"}],"about":[{"href":"https:\/\/shop.usinagentc.com\/fr\/wp-json\/wp\/v2\/types\/page"}],"author":[{"embeddable":true,"href":"https:\/\/shop.usinagentc.com\/fr\/wp-json\/wp\/v2\/users\/1"}],"replies":[{"embeddable":true,"href":"https:\/\/shop.usinagentc.com\/fr\/wp-json\/wp\/v2\/comments?post=452"}],"version-history":[{"count":0,"href":"https:\/\/shop.usinagentc.com\/fr\/wp-json\/wp\/v2\/pages\/452\/revisions"}],"wp:attachment":[{"href":"https:\/\/shop.usinagentc.com\/fr\/wp-json\/wp\/v2\/media?parent=452"}],"curies":[{"name":"wp","href":"https:\/\/api.w.org\/{rel}","templated":true}]}}